{"id":41088,"date":"2023-05-30T22:43:39","date_gmt":"2023-05-30T22:43:39","guid":{"rendered":"https:\/\/salvacionistas.org\/plataformaeducativa\/?page_id=41088"},"modified":"2023-05-30T22:54:25","modified_gmt":"2023-05-30T22:54:25","slug":"informacion-profesores-omac","status":"publish","type":"page","link":"https:\/\/salvacionistas.org\/plataformaeducativa\/informacion-profesores-omac\/","title":{"rendered":"Informaci\u00f3n Profesores OMAC"},"content":{"rendered":"<p>[et_pb_section fb_built=&#8221;1&#8243; admin_label=&#8221;Header&#8221; _builder_version=&#8221;4.21.0&#8243; _module_preset=&#8221;default&#8221; background_color=&#8221;gcid-cfde0ab2-491d-4201-8bc9-87511dc32fc8&#8243; overflow-x=&#8221;hidden&#8221; overflow-y=&#8221;hidden&#8221; custom_padding=&#8221;||0px||false|false&#8221; hover_enabled=&#8221;0&#8243; global_colors_info=&#8221;{%22gcid-cfde0ab2-491d-4201-8bc9-87511dc32fc8%22:%91%22background_color%22%93}&#8221; theme_builder_area=&#8221;post_content&#8221; use_background_color_gradient=&#8221;off&#8221; background_enable_image=&#8221;off&#8221; sticky_enabled=&#8221;0&#8243;][et_pb_row _builder_version=&#8221;4.18.0&#8243; _module_preset=&#8221;default&#8221; use_background_color_gradient=&#8221;on&#8221; background_color_gradient_direction=&#8221;240deg&#8221; background_color_gradient_stops=&#8221;#8388ef 20%|#ff89b4 50%|#f2cf65 80%&#8221; custom_padding=&#8221;0px||0px||true|false&#8221; border_radii=&#8221;off|10px|10px||&#8221; border_width_all=&#8221;5px&#8221; border_color_all=&#8221;#000000&#8243; border_width_bottom=&#8221;0px&#8221; global_colors_info=&#8221;{}&#8221; theme_builder_area=&#8221;post_content&#8221;][et_pb_column type=&#8221;4_4&#8243; _builder_version=&#8221;4.18.0&#8243; _module_preset=&#8221;default&#8221; global_colors_info=&#8221;{}&#8221; theme_builder_area=&#8221;post_content&#8221;][et_pb_divider show_divider=&#8221;off&#8221; _builder_version=&#8221;4.18.0&#8243; _module_preset=&#8221;default&#8221; height=&#8221;30px&#8221; global_colors_info=&#8221;{}&#8221; theme_builder_area=&#8221;post_content&#8221;][\/et_pb_divider][\/et_pb_column][\/et_pb_row][et_pb_row column_structure=&#8221;3_5,2_5&#8243; custom_padding_last_edited=&#8221;on|phone&#8221; _builder_version=&#8221;4.18.0&#8243; _module_preset=&#8221;default&#8221; custom_margin=&#8221;||0px||false|false&#8221; custom_padding=&#8221;60px|60px|60px|60px|true|true&#8221; custom_padding_tablet=&#8221;30px|30px|30px|30px|true|true&#8221; custom_padding_phone=&#8221;20px|20px|20px|20px|true|true&#8221; border_width_all=&#8221;5px&#8221; border_color_all=&#8221;#000000&#8243; border_width_bottom=&#8221;0px&#8221; locked=&#8221;off&#8221; global_colors_info=&#8221;{}&#8221; theme_builder_area=&#8221;post_content&#8221;][et_pb_column type=&#8221;3_5&#8243; _builder_version=&#8221;4.18.0&#8243; _module_preset=&#8221;default&#8221; global_colors_info=&#8221;{}&#8221; theme_builder_area=&#8221;post_content&#8221;][et_pb_image src=&#8221;https:\/\/salvacionistas.org\/plataformaeducativa\/wp-content\/uploads\/2023\/05\/design-agency-5.png&#8221; title_text=&#8221;design-agency-5&#8243; _builder_version=&#8221;4.18.0&#8243; _module_preset=&#8221;default&#8221; max_width=&#8221;30%&#8221; global_colors_info=&#8221;{}&#8221; theme_builder_area=&#8221;post_content&#8221;][\/et_pb_image][et_pb_text _builder_version=&#8221;4.18.0&#8243; _module_preset=&#8221;c16985e1-e0d6-4022-964d-e2bfc04fa633&#8243; header_font=&#8221;Poppins|700|||||||&#8221; header_font_size=&#8221;72px&#8221; header_letter_spacing=&#8221;-0.01em&#8221; header_line_height=&#8221;1.3em&#8221; header_font_size_tablet=&#8221;40px&#8221; header_font_size_phone=&#8221;24px&#8221; header_font_size_last_edited=&#8221;on|desktop&#8221; global_colors_info=&#8221;{}&#8221; theme_builder_area=&#8221;post_content&#8221;]<\/p>\n<h1>Ronnie Murchison<\/h1>\n<p>[\/et_pb_text][et_pb_text _builder_version=&#8221;4.21.0&#8243; _module_preset=&#8221;518880c8-46c7-4ffa-b5a6-93ffa99dcc17&#8243; text_font=&#8221;Raleway||||||||&#8221; text_font_size=&#8221;18px&#8221; text_line_height=&#8221;1.5em&#8221; hover_enabled=&#8221;0&#8243; text_font_size_tablet=&#8221;16px&#8221; text_font_size_phone=&#8221;14px&#8221; text_font_size_last_edited=&#8221;on|phone&#8221; global_colors_info=&#8221;{}&#8221; theme_builder_area=&#8221;post_content&#8221; sticky_enabled=&#8221;0&#8243;]<\/p>\n<p>Ronnie Murchison es el Pastor\/Ministro de Alabanza y Adoraci\u00f3n en la iglesia Turning Point Church en Fort Worth, TX. Anteriormente sirvi\u00f3 en el ministerio del Ejercito de Salvaci\u00f3n por m\u00e1s de 17 a\u00f1os en el Territorio \u00c9ste y Sur en los EE UU. Dios lo ha usado para traer a un remanente de personas que no hab\u00edan sido escogidos o preferidos. \u00a0El ha sido utilizado como instrumento en el desarrollo y avivamiento espiritual de varios m\u00fasicos y l\u00edderes, ayud\u00e1ndoles a discubrir el prop\u00f3sito de Dios para sus vidas. Ronnie tiene la habilidad de ministrar en Ingl\u00e9s y Espa\u00f1ol, lo cual le permite estar en una posici\u00f3n para ser usado por Dios y ministrar en tres diferentes continentes y introduciendose a profesionales en la m\u00fasica, durante su tiempo como m\u00fasico indepediente. Ronnie ha tocado y cantado en varios albumnes, su primer debut \u201cBreak Through\u201d, lanzado en el 2015 en Dallas, TX, siguido por \u201cCultura de Alabanza\u201d y \u201cMemphis Project\u201d lanzados en Memphis, TN en el 2019 y este a\u00f1o lanz\u00f3 sus nuevos sencillos \u201cThey That Wait en vivo\u201d y \u201cEl Altar\u201d. Ronnie continua escribiendo y creando m\u00fasica para todos sin inclinarse en una sola direcci\u00f3n o g\u00e9nero pero es guiado por el Esp\u00edritu de Dios.<\/p>\n<p>Algunos lo consideran un buen m\u00fasico o Ministro de Alabanza pero si le preguntan \u00bfC\u00f3mo se considera \u00e9l?, su respuesta ser\u00eda una copa, alguien sencillo que es usado por Dios. El deseo de su coraz\u00f3n es simplemente ser obediente a Dios y seguir los pasos designados para \u00e9l. Ronnie es un padre, hijo y casado con su \u201cangel\u201d Marisol que lo complementa y lo mantiene plantado. Ministrando a su propia vida y la de su familia es considerada su primer ministerio.<\/p>\n<p>[\/et_pb_text][et_pb_button button_text=&#8221;conoce m\u00e1s&#8221; _builder_version=&#8221;4.21.0&#8243; _module_preset=&#8221;31b4f027-aaa0-4f2f-ae02-959764e19e4f&#8221; custom_button=&#8221;on&#8221; button_text_size=&#8221;14px&#8221; button_text_color=&#8221;#000000&#8243; button_bg_color=&#8221;#f1ede1&#8243; button_border_width=&#8221;5px&#8221; button_border_color=&#8221;#000000&#8243; button_border_radius=&#8221;10px&#8221; button_font=&#8221;Poppins|700||on|||||&#8221; custom_padding=&#8221;18px|30px|18px|30px|true|true&#8221; hover_enabled=&#8221;0&#8243; box_shadow_style=&#8221;preset4&#8243; box_shadow_horizontal=&#8221;7px&#8221; box_shadow_vertical=&#8221;7px&#8221; box_shadow_color=&#8221;#222222&#8243; global_colors_info=&#8221;{}&#8221; theme_builder_area=&#8221;post_content&#8221; sticky_enabled=&#8221;0&#8243; button_url=&#8221;https:\/\/www.facebook.com\/RonnieMurchisonOfficial\/&#8221;][\/et_pb_button][\/et_pb_column][et_pb_column type=&#8221;2_5&#8243; _builder_version=&#8221;4.18.0&#8243; _module_preset=&#8221;default&#8221; global_colors_info=&#8221;{}&#8221; theme_builder_area=&#8221;post_content&#8221;][et_pb_image src=&#8221;https:\/\/salvacionistas.org\/plataformaeducativa\/wp-content\/uploads\/2023\/05\/317760986_650400440204980_5592728552019673855_n-1.jpg&#8221; title_text=&#8221;317760986_650400440204980_5592728552019673855_n&#8221; _builder_version=&#8221;4.21.0&#8243; _module_preset=&#8221;default&#8221; custom_margin=&#8221;|-8vw|||false|false&#8221; hover_enabled=&#8221;0&#8243; global_colors_info=&#8221;{}&#8221; theme_builder_area=&#8221;post_content&#8221; sticky_enabled=&#8221;0&#8243;][\/et_pb_image][\/et_pb_column][\/et_pb_row][\/et_pb_section][et_pb_section fb_built=&#8221;1&#8243; admin_label=&#8221;Header&#8221; _builder_version=&#8221;4.21.0&#8243; _module_preset=&#8221;default&#8221; background_color=&#8221;gcid-cfde0ab2-491d-4201-8bc9-87511dc32fc8&#8243; custom_padding=&#8221;0px||0px||true|false&#8221; hover_enabled=&#8221;0&#8243; global_colors_info=&#8221;{%22gcid-cfde0ab2-491d-4201-8bc9-87511dc32fc8%22:%91%22background_color%22%93}&#8221; theme_builder_area=&#8221;post_content&#8221; use_background_color_gradient=&#8221;off&#8221; background_enable_image=&#8221;off&#8221; sticky_enabled=&#8221;0&#8243;][et_pb_row _builder_version=&#8221;4.18.0&#8243; _module_preset=&#8221;default&#8221; custom_padding=&#8221;||0px||false|false&#8221; border_color_all=&#8221;#000000&#8243; border_width_right=&#8221;5px&#8221; border_width_left=&#8221;5px&#8221; global_colors_info=&#8221;{}&#8221; theme_builder_area=&#8221;post_content&#8221;][et_pb_column type=&#8221;4_4&#8243; _builder_version=&#8221;4.18.0&#8243; _module_preset=&#8221;default&#8221; global_colors_info=&#8221;{}&#8221; theme_builder_area=&#8221;post_content&#8221;][et_pb_image src=&#8221;https:\/\/salvacionistas.org\/plataformaeducativa\/wp-content\/uploads\/2023\/05\/design-agency-11.png&#8221; title_text=&#8221;design-agency-11&#8243; _builder_version=&#8221;4.18.0&#8243; _module_preset=&#8221;default&#8221; global_colors_info=&#8221;{}&#8221; theme_builder_area=&#8221;post_content&#8221;][\/et_pb_image][\/et_pb_column][\/et_pb_row][\/et_pb_section][et_pb_section fb_built=&#8221;1&#8243; admin_label=&#8221;Features&#8221; _builder_version=&#8221;4.21.0&#8243; _module_preset=&#8221;default&#8221; background_color=&#8221;gcid-cfde0ab2-491d-4201-8bc9-87511dc32fc8&#8243; background_image=&#8221;https:\/\/salvacionistas.org\/plataformaeducativa\/wp-content\/uploads\/2023\/05\/design-agency-18.png&#8221; background_size=&#8221;custom&#8221; hover_enabled=&#8221;0&#8243; locked=&#8221;off&#8221; collapsed=&#8221;on&#8221; global_colors_info=&#8221;{%22gcid-cfde0ab2-491d-4201-8bc9-87511dc32fc8%22:%91%22background_color%22%93}&#8221; theme_builder_area=&#8221;post_content&#8221; use_background_color_gradient=&#8221;off&#8221; sticky_enabled=&#8221;0&#8243;][et_pb_row column_structure=&#8221;1_2,1_2&#8243; _builder_version=&#8221;4.18.0&#8243; _module_preset=&#8221;default&#8221; global_colors_info=&#8221;{}&#8221; theme_builder_area=&#8221;post_content&#8221;][et_pb_column type=&#8221;1_2&#8243; _builder_version=&#8221;4.18.0&#8243; _module_preset=&#8221;default&#8221; global_colors_info=&#8221;{}&#8221; theme_builder_area=&#8221;post_content&#8221;][et_pb_image src=&#8221;https:\/\/salvacionistas.org\/plataformaeducativa\/wp-content\/uploads\/2023\/05\/21728969_10215131099537498_4262438710817875968_o.jpg&#8221; _builder_version=&#8221;4.21.0&#8243; _module_preset=&#8221;default&#8221; theme_builder_area=&#8221;post_content&#8221; title_text=&#8221;21728969_10215131099537498_4262438710817875968_o&#8221; hover_enabled=&#8221;0&#8243; sticky_enabled=&#8221;0&#8243;][\/et_pb_image][et_pb_button button_text=&#8221;conoce m\u00e1s&#8221; _builder_version=&#8221;4.21.0&#8243; _module_preset=&#8221;31b4f027-aaa0-4f2f-ae02-959764e19e4f&#8221; custom_button=&#8221;on&#8221; button_text_size=&#8221;14px&#8221; button_text_color=&#8221;#000000&#8243; button_bg_color=&#8221;#f1ede1&#8243; button_border_width=&#8221;5px&#8221; button_border_color=&#8221;#000000&#8243; button_border_radius=&#8221;10px&#8221; button_font=&#8221;Poppins|700||on|||||&#8221; custom_padding=&#8221;18px|30px|18px|30px|true|true&#8221; hover_enabled=&#8221;0&#8243; box_shadow_style=&#8221;preset4&#8243; box_shadow_horizontal=&#8221;7px&#8221; box_shadow_vertical=&#8221;7px&#8221; box_shadow_color=&#8221;#222222&#8243; global_colors_info=&#8221;{}&#8221; theme_builder_area=&#8221;post_content&#8221; sticky_enabled=&#8221;0&#8243; button_url=&#8221;https:\/\/www.facebook.com\/catherine.lopizic&#8221;][\/et_pb_button][\/et_pb_column][et_pb_column type=&#8221;1_2&#8243; _builder_version=&#8221;4.18.0&#8243; _module_preset=&#8221;default&#8221; global_colors_info=&#8221;{}&#8221; theme_builder_area=&#8221;post_content&#8221;][et_pb_image src=&#8221;https:\/\/salvacionistas.org\/plataformaeducativa\/wp-content\/uploads\/2023\/05\/design-agency-6.png&#8221; title_text=&#8221;design-agency-6&#8243; _builder_version=&#8221;4.18.0&#8243; _module_preset=&#8221;default&#8221; width=&#8221;30%&#8221; global_colors_info=&#8221;{}&#8221; theme_builder_area=&#8221;post_content&#8221;][\/et_pb_image][et_pb_text _builder_version=&#8221;4.21.0&#8243; _module_preset=&#8221;1f09816e-184e-4ce5-a4cf-b39c52c423ca&#8221; text_font=&#8221;Raleway||||||||&#8221; text_font_size=&#8221;16px&#8221; text_line_height=&#8221;1.5em&#8221; link_text_color=&#8221;#FFD171&#8243; hover_enabled=&#8221;0&#8243; text_font_size_tablet=&#8221;15px&#8221; text_font_size_phone=&#8221;14px&#8221; text_font_size_last_edited=&#8221;on|phone&#8221; header_font_size_tablet=&#8221;55px&#8221; header_font_size_last_edited=&#8221;off|desktop&#8221; locked=&#8221;off&#8221; global_colors_info=&#8221;{}&#8221; theme_builder_area=&#8221;post_content&#8221; sticky_enabled=&#8221;0&#8243;]<\/p>\n<p>Me siento una bendecida y amada hija, y desde el vientre de mi madre Dios tuvo un plan especial para mi vida.<br \/>Tuve la bendici\u00f3n de nacer en un hogar cristiano, con padre y madre, hermanos mayores, un entorno cristiano, compa\u00f1eros y amigos cristianos. Y hoy cuando miro hacia atr\u00e1s y me veo en el camino que he recorrido hasta aqu\u00ed pienso en aquellos que no olvidaron orar por mi&#8221;. He sido instruida en la palabra de Dios, cuidada y amada y he ido comprendiendo que mi sustento est\u00e1 en Dios; quien me ha dado m\u00e1s de lo que puedo imaginar. Una familia sangu\u00ednea hermosa, una familia Espiritual bella, dones y talentos que los uso para el engrandecimiento de su reino.<br \/>Por medio del Ejercito de Salvacion la musica ha sido parte importante de mi vida, desde los 9 a\u00f1os mi hermano me sentaba obligada a ensayar con \u00e9l un instrumento de bronce. R\u00e1pidamente me toc\u00f3 aprender un instrumento, para apoyar en el ministerio de mis padres y particip\u00e9 de capacitaciones en escuelas de m\u00fasica de verano, campamentos de m\u00fasica en Ecuador, un campamento territorial de l\u00edderes, con m\u00fasico de la new york staff band en Chile, tuve la bendici\u00f3n de participar en el instituto central de m\u00fasica en Chicago, en el instituto para lideres en toronto Canad\u00e1, tambi\u00e9n fui parte de una capacitaci\u00f3n de la corfobae para maestros de orquestas. La m\u00fasica me ha ense\u00f1ado a disciplinarme y esforzarme para lograr mis objetivos, y hoy puedo usar todo lo aprendido y toda la experiencia en ense\u00f1ar a las nuevas generaciones de m\u00fasicos y adoradores.<br \/>Y as\u00ed como Daniel dispuso en su coraz\u00f3n no contaminarse con la comida del Rey y frente a todo lo que su entorno le pod\u00eda ofrecer, reescribi\u00f3 su vida manteniendo fija su mirada en Jes\u00fas. No necesito mayor motivaci\u00f3n que la que Cristo me demostr\u00f3 en la cruz sufriendo por mi y esa es mi seguridad.<\/p>\n<p>Romanos 8:38-39<\/p>\n<p>[\/et_pb_text][\/et_pb_column][\/et_pb_row][\/et_pb_section]<\/p>\n","protected":false},"excerpt":{"rendered":"<p>Ronnie MurchisonRonnie Murchison es el Pastor\/Ministro de Alabanza y Adoraci\u00f3n en la iglesia Turning Point Church en Fort Worth, TX. Anteriormente sirvi\u00f3 en el ministerio del Ejercito de Salvaci\u00f3n por m\u00e1s de 17 a\u00f1os en el Territorio \u00c9ste y Sur en los EE UU. Dios lo ha usado para traer a un remanente de personas [&hellip;]<\/p>\n","protected":false},"author":1,"featured_media":0,"parent":0,"menu_order":0,"comment_status":"closed","ping_status":"closed","template":"","meta":{"nf_dc_page":"","_et_pb_use_builder":"on","_et_pb_old_content":"","_et_gb_content_width":"960","footnotes":""},"class_list":["post-41088","page","type-page","status-publish","hentry"],"_links":{"self":[{"href":"https:\/\/salvacionistas.org\/plataformaeducativa\/wp-json\/wp\/v2\/pages\/41088","targetHints":{"allow":["GET"]}}],"collection":[{"href":"https:\/\/salvacionistas.org\/plataformaeducativa\/wp-json\/wp\/v2\/pages"}],"about":[{"href":"https:\/\/salvacionistas.org\/plataformaeducativa\/wp-json\/wp\/v2\/types\/page"}],"author":[{"embeddable":true,"href":"https:\/\/salvacionistas.org\/plataformaeducativa\/wp-json\/wp\/v2\/users\/1"}],"replies":[{"embeddable":true,"href":"https:\/\/salvacionistas.org\/plataformaeducativa\/wp-json\/wp\/v2\/comments?post=41088"}],"version-history":[{"count":4,"href":"https:\/\/salvacionistas.org\/plataformaeducativa\/wp-json\/wp\/v2\/pages\/41088\/revisions"}],"predecessor-version":[{"id":41100,"href":"https:\/\/salvacionistas.org\/plataformaeducativa\/wp-json\/wp\/v2\/pages\/41088\/revisions\/41100"}],"wp:attachment":[{"href":"https:\/\/salvacionistas.org\/plataformaeducativa\/wp-json\/wp\/v2\/media?parent=41088"}],"curies":[{"name":"wp","href":"https:\/\/api.w.org\/{rel}","templated":true}]}}