{"id":37838,"date":"2022-06-28T17:54:54","date_gmt":"2022-06-28T17:54:54","guid":{"rendered":"https:\/\/salvacionistas.org\/plataformaeducativa\/?page_id=37838"},"modified":"2023-03-20T14:47:24","modified_gmt":"2023-03-20T14:47:24","slug":"totalmente-suyo","status":"publish","type":"page","link":"https:\/\/salvacionistas.org\/plataformaeducativa\/totalmente-suyo\/","title":{"rendered":"Curso de Preparaci\u00f3n | Totalmente Suyo"},"content":{"rendered":"<p>[et_pb_section fb_built=&#8221;1&#8243; specialty=&#8221;on&#8221; padding_top_1=&#8221;50px&#8221; padding_top_bottom_link_1=&#8221;false&#8221; padding_left_right_link_1=&#8221;false&#8221; padding_1_tablet=&#8221;0px||||false|false&#8221; padding_1_phone=&#8221;&#8221; padding_1_last_edited=&#8221;on|phone&#8221; admin_label=&#8221;Header&#8221; _builder_version=&#8221;4.17.4&#8243; background_color=&#8221;#FFFFFF&#8221; custom_margin=&#8221;||-99px||false|false&#8221; custom_padding=&#8221;||0px||false|false&#8221; bottom_divider_height=&#8221;200px&#8221; bottom_divider_repeat=&#8221;1.2x&#8221; global_colors_info=&#8221;{}&#8221;][et_pb_column type=&#8221;1_2&#8243; specialty_columns=&#8221;2&#8243; _builder_version=&#8221;4.16&#8243; custom_padding=&#8221;|||&#8221; global_colors_info=&#8221;{}&#8221; custom_padding__hover=&#8221;|||&#8221;][\/et_pb_column][et_pb_column type=&#8221;1_2&#8243; _builder_version=&#8221;4.16&#8243; custom_padding=&#8221;|||&#8221; global_colors_info=&#8221;{}&#8221; custom_padding__hover=&#8221;|||&#8221;][\/et_pb_column][\/et_pb_section][et_pb_section fb_built=&#8221;1&#8243; admin_label=&#8221;How it Works&#8221; _builder_version=&#8221;4.17.4&#8243; background_color=&#8221;#2d2d2d&#8221; background_enable_color=&#8221;on&#8221; use_background_color_gradient=&#8221;off&#8221; background_enable_image=&#8221;off&#8221; background_enable_pattern_style=&#8221;on&#8221; background_pattern_style=&#8221;confetti&#8221; custom_margin=&#8221;99px||||false|false&#8221; custom_padding=&#8221;0vw|0px|16vw|0px|false|false&#8221; global_colors_info=&#8221;{}&#8221;][et_pb_row custom_padding_last_edited=&#8221;on|phone&#8221; _builder_version=&#8221;4.17.4&#8243; background_color=&#8221;#a0142e&#8221; background_enable_pattern_style=&#8221;on&#8221; background_pattern_style=&#8221;confetti&#8221; min_height=&#8221;211px&#8221; custom_margin=&#8221;-228px|auto|96px|auto|false|false&#8221; custom_padding=&#8221;68px|40px|0px|40px|false|true&#8221; custom_padding_tablet=&#8221;|30px||30px|false|true&#8221; custom_padding_phone=&#8221;|20px||20px|false|true&#8221; border_radii=&#8221;on|10px|10px|10px|10px&#8221; global_colors_info=&#8221;{}&#8221;][et_pb_column type=&#8221;4_4&#8243; _builder_version=&#8221;4.16&#8243; global_colors_info=&#8221;{}&#8221;][et_pb_text _builder_version=&#8221;4.17.4&#8243; header_2_font=&#8221;Playfair Display|700|||||||&#8221; header_2_font_size=&#8221;50px&#8221; header_2_line_height=&#8221;1.3em&#8221; max_width=&#8221;700px&#8221; header_text_align_tablet=&#8221;center&#8221; header_text_align_last_edited=&#8221;off|desktop&#8221; header_2_font_size_tablet=&#8221;32px&#8221; header_2_font_size_phone=&#8221;24px&#8221; header_2_font_size_last_edited=&#8221;on|phone&#8221; inline_fonts=&#8221;Cabin Sketch&#8221; global_colors_info=&#8221;{}&#8221;]<\/p>\n<h2><span style=\"color: #ffffff;\"><strong><span style=\"font-family: 'Cabin Sketch';\">Preparaci\u00f3n | Totalmente Suyo<\/span><\/strong><\/span><\/h2>\n<p>[\/et_pb_text][et_pb_image src=&#8221;https:\/\/salvacionistas.org\/plataformaeducativa\/wp-content\/uploads\/2022\/03\/Logo-JJSS.png&#8221; title_text=&#8221;Logo JJSS&#8221; disabled_on=&#8221;on|on|off&#8221; _builder_version=&#8221;4.17.4&#8243; _module_preset=&#8221;default&#8221; width=&#8221;14%&#8221; module_alignment=&#8221;right&#8221; custom_margin=&#8221;-128px||||false|false&#8221; global_colors_info=&#8221;{}&#8221;][\/et_pb_image][\/et_pb_column][\/et_pb_row][et_pb_row column_structure=&#8221;1_6,1_6,1_6,1_6,1_6,1_6&#8243; use_custom_gutter=&#8221;on&#8221; gutter_width=&#8221;1&#8243; _builder_version=&#8221;4.17.4&#8243; background_color=&#8221;#ffffff&#8221; transform_scale_tablet=&#8221;&#8221; transform_scale_phone=&#8221;&#8221; transform_scale_last_edited=&#8221;on|phone&#8221; transform_translate=&#8221;0px|50%&#8221; transform_translate_tablet=&#8221;0px|0%&#8221; transform_translate_phone=&#8221;&#8221; transform_translate_last_edited=&#8221;on|phone&#8221; transform_translate_linked=&#8221;off&#8221; transform_rotate_tablet=&#8221;&#8221; transform_rotate_phone=&#8221;&#8221; transform_rotate_last_edited=&#8221;on|phone&#8221; transform_skew_tablet=&#8221;&#8221; transform_skew_phone=&#8221;&#8221; transform_skew_last_edited=&#8221;on|phone&#8221; transform_origin_tablet=&#8221;&#8221; transform_origin_phone=&#8221;&#8221; transform_origin_last_edited=&#8221;on|phone&#8221; transform_styles_last_edited=&#8221;on|phone&#8221; z_index=&#8221;11&#8243; overflow-x=&#8221;visible&#8221; overflow-y=&#8221;visible&#8221; custom_margin=&#8221;-118px|auto||auto|false|false&#8221; custom_padding=&#8221;8px|8px|8px|8px|true|true&#8221; transform_styles_tablet=&#8221;&#8221; transform_styles_phone=&#8221;&#8221; border_radii=&#8221;on|60px|60px|60px|60px&#8221; border_radii_tablet=&#8221;on|30px|30px|30px|30px&#8221; border_radii_phone=&#8221;&#8221; border_radii_last_edited=&#8221;on|desktop&#8221; box_shadow_style=&#8221;preset1&#8243; box_shadow_color=&#8221;rgba(12,113,195,0.13)&#8221; global_colors_info=&#8221;{}&#8221;][et_pb_column type=&#8221;1_6&#8243; _builder_version=&#8221;4.16&#8243; global_colors_info=&#8221;{}&#8221;][et_pb_text _builder_version=&#8221;4.17.4&#8243; _module_preset=&#8221;default&#8221; text_font=&#8221;|||||on|||&#8221; text_text_color=&#8221;#666666&#8243; text_font_size=&#8221;56px&#8221; custom_margin=&#8221;15px|||58px|false|false&#8221; global_colors_info=&#8221;{}&#8221;]<\/p>\n<h3><strong>ir al m\u00f3dulo:<\/strong><\/h3>\n<p>[\/et_pb_text][\/et_pb_column][et_pb_column type=&#8221;1_6&#8243; _builder_version=&#8221;4.16&#8243; global_colors_info=&#8221;{}&#8221;][et_pb_button button_url=&#8221;@ET-DC@eyJkeW5hbWljIjp0cnVlLCJjb250ZW50IjoicG9zdF9saW5rX3VybF9wYWdlIiwic2V0dGluZ3MiOnsicG9zdF9pZCI6IjM3MzA5In19@&#8221; button_text=&#8221;1&#8243; button_alignment=&#8221;center&#8221; _builder_version=&#8221;4.17.4&#8243; _dynamic_attributes=&#8221;button_url&#8221; custom_button=&#8221;on&#8221; button_text_size=&#8221;12px&#8221; button_text_color=&#8221;#62748a&#8221; button_bg_color=&#8221;#FFFFFF&#8221; button_border_width=&#8221;0px&#8221; button_border_radius=&#8221;100px&#8221; button_letter_spacing=&#8221;2px&#8221; button_font=&#8221;PT Sans|900||on|||||&#8221; button_use_icon=&#8221;off&#8221; custom_padding=&#8221;14px|30px|14px|30px|true|true&#8221; box_shadow_style=&#8221;preset3&#8243; box_shadow_blur=&#8221;28px&#8221; box_shadow_spread=&#8221;-10px&#8221; box_shadow_color=&#8221;rgba(0,0,0,0)&#8221; locked=&#8221;off&#8221; global_colors_info=&#8221;{}&#8221; box_shadow_color__hover=&#8221;#2585b2&#8243; box_shadow_blur__hover_enabled=&#8221;off&#8221; box_shadow_blur__hover=&#8221;20px&#8221; box_shadow_vertical__hover_enabled=&#8221;off&#8221; box_shadow_vertical__hover=&#8221;10px&#8221; button_bg_color__hover_enabled=&#8221;on|hover&#8221; button_bg_color__hover=&#8221;#a0142e&#8221; button_bg_enable_color__hover=&#8221;on&#8221; button_text_color__hover=&#8221;#ffffff&#8221; button_text_color__hover_enabled=&#8221;on|desktop&#8221; box_shadow_color__hover_enabled=&#8221;on|hover&#8221;][\/et_pb_button][\/et_pb_column][et_pb_column type=&#8221;1_6&#8243; _builder_version=&#8221;4.16&#8243; global_colors_info=&#8221;{}&#8221;][et_pb_button button_url=&#8221;@ET-DC@eyJkeW5hbWljIjp0cnVlLCJjb250ZW50IjoicG9zdF9saW5rX3VybF9wYWdlIiwic2V0dGluZ3MiOnsicG9zdF9pZCI6IjQwMDE5In19@&#8221; button_text=&#8221;2&#8243; button_alignment=&#8221;center&#8221; _builder_version=&#8221;4.20.2&#8243; _dynamic_attributes=&#8221;button_url&#8221; custom_button=&#8221;on&#8221; button_text_size=&#8221;12px&#8221; button_text_color=&#8221;#62748a&#8221; button_bg_color=&#8221;#FFFFFF&#8221; button_border_width=&#8221;0px&#8221; button_border_radius=&#8221;100px&#8221; button_letter_spacing=&#8221;2px&#8221; button_font=&#8221;PT Sans|900||on|||||&#8221; button_use_icon=&#8221;off&#8221; custom_padding=&#8221;14px|30px|14px|30px|true|true&#8221; hover_enabled=&#8221;0&#8243; box_shadow_style=&#8221;preset3&#8243; box_shadow_blur=&#8221;28px&#8221; box_shadow_spread=&#8221;-10px&#8221; box_shadow_color=&#8221;rgba(0,0,0,0)&#8221; locked=&#8221;off&#8221; global_colors_info=&#8221;{}&#8221; box_shadow_color__hover=&#8221;#2585b2&#8243; box_shadow_blur__hover_enabled=&#8221;off&#8221; box_shadow_blur__hover=&#8221;20px&#8221; box_shadow_vertical__hover_enabled=&#8221;off&#8221; box_shadow_vertical__hover=&#8221;10px&#8221; button_bg_color__hover_enabled=&#8221;on|hover&#8221; button_bg_color__hover=&#8221;#a0142e&#8221; button_bg_enable_color__hover=&#8221;on&#8221; button_text_color__hover=&#8221;#ffffff&#8221; button_text_color__hover_enabled=&#8221;on|desktop&#8221; box_shadow_color__hover_enabled=&#8221;on|hover&#8221; sticky_enabled=&#8221;0&#8243;][\/et_pb_button][\/et_pb_column][et_pb_column type=&#8221;1_6&#8243; _builder_version=&#8221;4.16&#8243; global_colors_info=&#8221;{}&#8221;][et_pb_button button_url=&#8221;@ET-DC@eyJkeW5hbWljIjp0cnVlLCJjb250ZW50IjoicG9zdF9saW5rX3VybF9wYWdlIiwic2V0dGluZ3MiOnsicG9zdF9pZCI6IjM3ODM4In19@&#8221; url_new_window=&#8221;on&#8221; button_text=&#8221;Preparaci\u00f3n&#8221; button_alignment=&#8221;center&#8221; _builder_version=&#8221;4.17.4&#8243; _dynamic_attributes=&#8221;button_url&#8221; custom_button=&#8221;on&#8221; button_text_size=&#8221;12px&#8221; button_text_color=&#8221;#62748a&#8221; button_bg_color=&#8221;rgba(0,0,0,0)&#8221; button_border_width=&#8221;0px&#8221; button_border_radius=&#8221;100px&#8221; button_letter_spacing=&#8221;2px&#8221; button_font=&#8221;PT Sans|900||on|||||&#8221; button_use_icon=&#8221;off&#8221; custom_padding=&#8221;14px|30px|14px|30px|true|true&#8221; box_shadow_style=&#8221;preset3&#8243; box_shadow_blur=&#8221;28px&#8221; box_shadow_spread=&#8221;-10px&#8221; box_shadow_color=&#8221;rgba(0,0,0,0)&#8221; locked=&#8221;off&#8221; global_colors_info=&#8221;{}&#8221; box_shadow_color__hover=&#8221;#2585b2&#8243; box_shadow_blur__hover_enabled=&#8221;off&#8221; box_shadow_blur__hover=&#8221;20px&#8221; box_shadow_vertical__hover_enabled=&#8221;off&#8221; box_shadow_vertical__hover=&#8221;10px&#8221; button_bg_color__hover=&#8221;#a0142e&#8221; button_bg_color__hover_enabled=&#8221;on|hover&#8221; button_text_color__hover=&#8221;#ffffff&#8221; button_text_color__hover_enabled=&#8221;on|desktop&#8221; box_shadow_color__hover_enabled=&#8221;on|hover&#8221; button_bg_enable_color__hover=&#8221;on&#8221;][\/et_pb_button][\/et_pb_column][et_pb_column type=&#8221;1_6&#8243; _builder_version=&#8221;4.16&#8243; global_colors_info=&#8221;{}&#8221;][\/et_pb_column][et_pb_column type=&#8221;1_6&#8243; _builder_version=&#8221;4.16&#8243; global_colors_info=&#8221;{}&#8221;][et_pb_button button_url=&#8221;https:\/\/salvacionistas.org\/plataformaeducativa\/jovenes-soldados-inicio\/&#8221; button_text=&#8221;JS Inicio&#8221; button_alignment=&#8221;center&#8221; _builder_version=&#8221;4.17.4&#8243; custom_button=&#8221;on&#8221; button_text_size=&#8221;12px&#8221; button_text_color=&#8221;#62748a&#8221; button_bg_color=&#8221;rgba(0,0,0,0)&#8221; button_border_width=&#8221;0px&#8221; button_border_radius=&#8221;100px&#8221; button_letter_spacing=&#8221;2px&#8221; button_font=&#8221;PT Sans|900||on|||||&#8221; button_use_icon=&#8221;off&#8221; custom_padding=&#8221;14px|30px|14px|30px|true|true&#8221; box_shadow_style=&#8221;preset3&#8243; box_shadow_blur=&#8221;28px&#8221; box_shadow_spread=&#8221;-10px&#8221; box_shadow_color=&#8221;rgba(0,0,0,0)&#8221; locked=&#8221;off&#8221; global_colors_info=&#8221;{}&#8221; box_shadow_color__hover=&#8221;#2585b2&#8243; box_shadow_blur__hover_enabled=&#8221;off&#8221; box_shadow_blur__hover=&#8221;20px&#8221; box_shadow_vertical__hover_enabled=&#8221;off&#8221; box_shadow_vertical__hover=&#8221;10px&#8221; button_bg_color__hover=&#8221;#a0142e&#8221; button_bg_color__hover_enabled=&#8221;on|hover&#8221; button_text_color__hover=&#8221;#ffffff&#8221; button_text_color__hover_enabled=&#8221;on|desktop&#8221; box_shadow_color__hover_enabled=&#8221;on|hover&#8221; button_bg_enable_color__hover=&#8221;on&#8221;][\/et_pb_button][\/et_pb_column][\/et_pb_row][et_pb_row _builder_version=&#8221;4.17.4&#8243; _module_preset=&#8221;default&#8221; background_color=&#8221;#e8e8e8&#8243; custom_margin=&#8221;43px|auto||auto||&#8221; border_width_all=&#8221;30px&#8221; border_color_all=&#8221;#e8e8e8&#8243; global_colors_info=&#8221;{}&#8221;][et_pb_column type=&#8221;4_4&#8243; _builder_version=&#8221;4.16&#8243; _module_preset=&#8221;default&#8221; global_colors_info=&#8221;{}&#8221;][et_pb_text _builder_version=&#8221;4.17.4&#8243; _module_preset=&#8221;default&#8221; global_colors_info=&#8221;{}&#8221;]<\/p>\n<h4><span style=\"font-size: small;\">El curso de preparaci\u00f3n Totalmente Suyo es un curso introductorio dise\u00f1ado para ayudar a los ni\u00f1os a aprender la Promesa del joven soldado, tanto las palabras como el significado. Tambi\u00e9n aprender\u00e1n informaci\u00f3n b\u00e1sica sobre el Ej\u00e9rcito de Salvaci\u00f3n.<\/span><\/h4>\n<p><span style=\"font-size: large;\"><strong>Materiales del curso de preparaci\u00f3n Totalmente Suyo:<\/strong><\/span><\/p>\n<p>[\/et_pb_text][et_pb_image src=&#8221;https:\/\/salvacionistas.org\/plataformaeducativa\/wp-content\/uploads\/2022\/03\/489065872-JS_BOY_POSE02_A3.png&#8221; title_text=&#8221;489065872-JS_BOY_POSE02_A3&#8243; align=&#8221;right&#8221; disabled_on=&#8221;on|on|off&#8221; _builder_version=&#8221;4.17.4&#8243; _module_preset=&#8221;default&#8221; width=&#8221;81%&#8221; min_height=&#8221;1000px&#8221; height=&#8221;893px&#8221; custom_margin=&#8221;0px|45px|-1020px||false|false&#8221; custom_padding=&#8221;0px||0px||false|false&#8221; global_colors_info=&#8221;{}&#8221;][\/et_pb_image][et_pb_button button_url=&#8221;https:\/\/salvacionistas.org\/plataformaeducativa\/wp-content\/uploads\/2022\/06\/JS_Totalmente-Suyo.pdf&#8221; url_new_window=&#8221;on&#8221; button_text=&#8221;PDF Todas las Lecciones&#8221; _builder_version=&#8221;4.17.4&#8243; _module_preset=&#8221;default&#8221; custom_button=&#8221;on&#8221; button_text_color=&#8221;#FFFFFF&#8221; button_bg_color=&#8221;#a0142e&#8221; button_border_width=&#8221;0px&#8221; button_border_radius=&#8221;25px&#8221; button_letter_spacing=&#8221;0px&#8221; button_font=&#8221;Abel||||||||&#8221; button_icon=&#8221;&#xf1c1;||fa||400&#8243; button_icon_color=&#8221;#FFFFFF&#8221; button_icon_placement=&#8221;left&#8221; button_on_hover=&#8221;off&#8221; background_layout=&#8221;dark&#8221; custom_margin=&#8221;-18px|||||&#8221; global_colors_info=&#8221;{}&#8221;][\/et_pb_button][et_pb_text _builder_version=&#8221;4.17.4&#8243; _module_preset=&#8221;default&#8221; global_colors_info=&#8221;{}&#8221;]<\/p>\n<p><span style=\"font-size: large;\"><strong>Descargar:<\/strong><\/span><br \/>Use los enlaces a continuaci\u00f3n para descargar los archivos PDF de cada lecci\u00f3n.<\/p>\n<p><span style=\"font-size: large; color: #666666;\"><strong>Totalmente Suyo, recursos y hoja de respuestas:<\/strong><\/span><\/p>\n<p>[\/et_pb_text][et_pb_button button_url=&#8221;https:\/\/salvacionistas.org\/plataformaeducativa\/wp-content\/uploads\/2022\/06\/JS_Totalmente-Suyo-INTRO.pdf&#8221; url_new_window=&#8221;on&#8221; button_text=&#8221;PDF Introducci\u00f3n, Recursos y Respuestas&#8221; _builder_version=&#8221;4.17.4&#8243; _module_preset=&#8221;default&#8221; custom_button=&#8221;on&#8221; button_text_color=&#8221;#FFFFFF&#8221; button_bg_color=&#8221;#a0142e&#8221; button_border_width=&#8221;0px&#8221; button_border_radius=&#8221;25px&#8221; button_letter_spacing=&#8221;0px&#8221; button_font=&#8221;Abel||||||||&#8221; button_icon=&#8221;&#xf1c1;||fa||400&#8243; button_icon_color=&#8221;#FFFFFF&#8221; button_icon_placement=&#8221;left&#8221; button_on_hover=&#8221;off&#8221; background_layout=&#8221;dark&#8221; custom_margin=&#8221;-18px|||||&#8221; global_colors_info=&#8221;{}&#8221;][\/et_pb_button][et_pb_text _builder_version=&#8221;4.17.4&#8243; _module_preset=&#8221;default&#8221; custom_margin=&#8221;||11px|||&#8221; global_colors_info=&#8221;{}&#8221;]<\/p>\n<p><span style=\"font-size: large;\"><strong>Lecci\u00f3n 1:<\/strong><\/span><\/p>\n<p>[\/et_pb_text][et_pb_button button_url=&#8221;https:\/\/salvacionistas.org\/plataformaeducativa\/wp-content\/uploads\/2022\/06\/JS_Totalmente-Suyo-Leccion-1.pdf&#8221; url_new_window=&#8221;on&#8221; button_text=&#8221;PDF Lecci\u00f3n 1&#8243; _builder_version=&#8221;4.17.4&#8243; _module_preset=&#8221;default&#8221; custom_button=&#8221;on&#8221; button_text_color=&#8221;#FFFFFF&#8221; button_bg_color=&#8221;#a0142e&#8221; button_border_width=&#8221;0px&#8221; button_border_radius=&#8221;25px&#8221; button_letter_spacing=&#8221;0px&#8221; button_font=&#8221;Abel||||||||&#8221; button_icon=&#8221;&#xf1c1;||fa||400&#8243; button_icon_color=&#8221;#FFFFFF&#8221; button_icon_placement=&#8221;left&#8221; button_on_hover=&#8221;off&#8221; background_layout=&#8221;dark&#8221; custom_margin=&#8221;-4px|||||&#8221; global_colors_info=&#8221;{}&#8221;][\/et_pb_button][et_pb_text _builder_version=&#8221;4.17.4&#8243; _module_preset=&#8221;default&#8221; custom_margin=&#8221;||25px|||&#8221; global_colors_info=&#8221;{}&#8221;]<\/p>\n<p><span style=\"font-size: large;\"><strong>Lecci\u00f3n 2:<\/strong><\/span><\/p>\n<p>[\/et_pb_text][et_pb_button button_url=&#8221;https:\/\/salvacionistas.org\/plataformaeducativa\/wp-content\/uploads\/2022\/06\/JS_Totalmente-Suyo-Leccion-2.pdf&#8221; url_new_window=&#8221;on&#8221; button_text=&#8221;PDF Lecci\u00f3n 2&#8243; _builder_version=&#8221;4.17.4&#8243; _module_preset=&#8221;default&#8221; custom_button=&#8221;on&#8221; button_text_color=&#8221;#FFFFFF&#8221; button_bg_color=&#8221;#a0142e&#8221; button_border_width=&#8221;0px&#8221; button_border_radius=&#8221;25px&#8221; button_letter_spacing=&#8221;0px&#8221; button_font=&#8221;Abel||||||||&#8221; button_icon=&#8221;&#xf1c1;||fa||400&#8243; button_icon_color=&#8221;#FFFFFF&#8221; button_icon_placement=&#8221;left&#8221; button_on_hover=&#8221;off&#8221; background_layout=&#8221;dark&#8221; custom_margin=&#8221;-19px|||||&#8221; global_colors_info=&#8221;{}&#8221;][\/et_pb_button][et_pb_text _builder_version=&#8221;4.17.4&#8243; _module_preset=&#8221;default&#8221; global_colors_info=&#8221;{}&#8221;]<\/p>\n<p><span style=\"font-size: large;\"><strong>Lecci\u00f3n 3:<\/strong><\/span><\/p>\n<p>[\/et_pb_text][et_pb_button button_url=&#8221;https:\/\/salvacionistas.org\/plataformaeducativa\/wp-content\/uploads\/2022\/06\/JS_Totalmente-Suyo-Leccion-3.pdf&#8221; url_new_window=&#8221;on&#8221; button_text=&#8221;PDF Lecci\u00f3n 3&#8243; _builder_version=&#8221;4.17.4&#8243; _module_preset=&#8221;default&#8221; custom_button=&#8221;on&#8221; button_bg_color=&#8221;#a0142e&#8221; button_border_width=&#8221;0px&#8221; button_border_radius=&#8221;25px&#8221; button_letter_spacing=&#8221;0px&#8221; button_font=&#8221;Abel||||||||&#8221; button_icon=&#8221;&#xf1c1;||fa||400&#8243; button_icon_color=&#8221;#FFFFFF&#8221; button_icon_placement=&#8221;left&#8221; button_on_hover=&#8221;off&#8221; background_layout=&#8221;dark&#8221; custom_margin=&#8221;-19px|||||&#8221; global_colors_info=&#8221;{}&#8221;][\/et_pb_button][et_pb_text _builder_version=&#8221;4.17.4&#8243; _module_preset=&#8221;default&#8221; global_colors_info=&#8221;{}&#8221;]<\/p>\n<p><span style=\"font-size: large;\"><strong>Lecci\u00f3n 4:<\/strong><\/span><\/p>\n<p>[\/et_pb_text][et_pb_button button_url=&#8221;https:\/\/salvacionistas.org\/plataformaeducativa\/wp-content\/uploads\/2022\/06\/JS_Totalmente-Suyo-Leccion-4.pdf&#8221; url_new_window=&#8221;on&#8221; button_text=&#8221;PDF Lecci\u00f3n 4&#8243; _builder_version=&#8221;4.17.4&#8243; _module_preset=&#8221;default&#8221; custom_button=&#8221;on&#8221; button_text_color=&#8221;#FFFFFF&#8221; button_bg_color=&#8221;#a0142e&#8221; button_border_width=&#8221;0px&#8221; button_border_radius=&#8221;25px&#8221; button_letter_spacing=&#8221;0px&#8221; button_font=&#8221;Abel||||||||&#8221; button_icon=&#8221;&#xf1c1;||fa||400&#8243; button_icon_color=&#8221;#FFFFFF&#8221; button_icon_placement=&#8221;left&#8221; button_on_hover=&#8221;off&#8221; background_layout=&#8221;dark&#8221; custom_margin=&#8221;-19px|||||&#8221; global_colors_info=&#8221;{}&#8221;][\/et_pb_button][et_pb_text _builder_version=&#8221;4.17.4&#8243; _module_preset=&#8221;default&#8221; global_colors_info=&#8221;{}&#8221;]<\/p>\n<p><span style=\"font-size: large;\"><strong>Lecci\u00f3n 5:<\/strong><\/span><\/p>\n<p>[\/et_pb_text][et_pb_button button_url=&#8221;https:\/\/salvacionistas.org\/plataformaeducativa\/wp-content\/uploads\/2022\/06\/JS_Totalmente-Suyo-Leccion-5.pdf&#8221; url_new_window=&#8221;on&#8221; button_text=&#8221;PDF Lecci\u00f3n 5&#8243; _builder_version=&#8221;4.17.4&#8243; _module_preset=&#8221;default&#8221; custom_button=&#8221;on&#8221; button_text_color=&#8221;#FFFFFF&#8221; button_bg_color=&#8221;#a0142e&#8221; button_border_width=&#8221;0px&#8221; button_border_radius=&#8221;25px&#8221; button_letter_spacing=&#8221;0px&#8221; button_font=&#8221;Abel||||||||&#8221; button_icon=&#8221;&#xf1c1;||fa||400&#8243; button_icon_color=&#8221;#FFFFFF&#8221; button_icon_placement=&#8221;left&#8221; button_on_hover=&#8221;off&#8221; background_layout=&#8221;dark&#8221; custom_margin=&#8221;-18px|||||&#8221; global_colors_info=&#8221;{}&#8221;][\/et_pb_button][et_pb_text _builder_version=&#8221;4.17.4&#8243; _module_preset=&#8221;default&#8221; global_colors_info=&#8221;{}&#8221;]<\/p>\n<p><span style=\"font-size: large;\"><strong>Lecci\u00f3n 6:<\/strong><\/span><\/p>\n<p>[\/et_pb_text][et_pb_button button_url=&#8221;https:\/\/salvacionistas.org\/plataformaeducativa\/wp-content\/uploads\/2022\/06\/JS_Totalmente-Suyo-Leccion-6.pdf&#8221; url_new_window=&#8221;on&#8221; button_text=&#8221;PDF Lecci\u00f3n 6&#8243; _builder_version=&#8221;4.17.4&#8243; _module_preset=&#8221;default&#8221; custom_button=&#8221;on&#8221; button_text_color=&#8221;#FFFFFF&#8221; button_bg_color=&#8221;#a0142e&#8221; button_border_width=&#8221;0px&#8221; button_border_radius=&#8221;25px&#8221; button_letter_spacing=&#8221;0px&#8221; button_font=&#8221;Abel||||||||&#8221; button_icon=&#8221;&#xf1c1;||fa||400&#8243; button_icon_color=&#8221;#FFFFFF&#8221; button_icon_placement=&#8221;left&#8221; button_on_hover=&#8221;off&#8221; background_layout=&#8221;dark&#8221; custom_margin=&#8221;-19px|||||&#8221; global_colors_info=&#8221;{}&#8221;][\/et_pb_button][\/et_pb_column][\/et_pb_row][\/et_pb_section]<\/p>\n","protected":false},"excerpt":{"rendered":"<p>Preparaci\u00f3n | Totalmente Suyoir al m\u00f3dulo:El curso de preparaci\u00f3n Totalmente Suyo es un curso introductorio dise\u00f1ado para ayudar a los ni\u00f1os a aprender la Promesa del joven soldado, tanto las palabras como el significado. Tambi\u00e9n aprender\u00e1n informaci\u00f3n b\u00e1sica sobre el Ej\u00e9rcito de Salvaci\u00f3n. Materiales del curso de preparaci\u00f3n Totalmente Suyo:Descargar:Use los enlaces a continuaci\u00f3n para [&hellip;]<\/p>\n","protected":false},"author":164,"featured_media":0,"parent":0,"menu_order":0,"comment_status":"closed","ping_status":"closed","template":"","meta":{"nf_dc_page":"","_et_pb_use_builder":"on","_et_pb_old_content":"","_et_gb_content_width":"","footnotes":""},"class_list":["post-37838","page","type-page","status-publish","hentry"],"_links":{"self":[{"href":"https:\/\/salvacionistas.org\/plataformaeducativa\/wp-json\/wp\/v2\/pages\/37838","targetHints":{"allow":["GET"]}}],"collection":[{"href":"https:\/\/salvacionistas.org\/plataformaeducativa\/wp-json\/wp\/v2\/pages"}],"about":[{"href":"https:\/\/salvacionistas.org\/plataformaeducativa\/wp-json\/wp\/v2\/types\/page"}],"author":[{"embeddable":true,"href":"https:\/\/salvacionistas.org\/plataformaeducativa\/wp-json\/wp\/v2\/users\/164"}],"replies":[{"embeddable":true,"href":"https:\/\/salvacionistas.org\/plataformaeducativa\/wp-json\/wp\/v2\/comments?post=37838"}],"version-history":[{"count":6,"href":"https:\/\/salvacionistas.org\/plataformaeducativa\/wp-json\/wp\/v2\/pages\/37838\/revisions"}],"predecessor-version":[{"id":41540,"href":"https:\/\/salvacionistas.org\/plataformaeducativa\/wp-json\/wp\/v2\/pages\/37838\/revisions\/41540"}],"wp:attachment":[{"href":"https:\/\/salvacionistas.org\/plataformaeducativa\/wp-json\/wp\/v2\/media?parent=37838"}],"curies":[{"name":"wp","href":"https:\/\/api.w.org\/{rel}","templated":true}]}}